{"id":34,"date":"2016-01-07T18:00:44","date_gmt":"2016-01-07T18:00:44","guid":{"rendered":"http:\/\/demo.lollum.com\/morrisonhotel\/?page_id=34"},"modified":"2020-01-20T09:20:21","modified_gmt":"2020-01-20T09:20:21","slug":"crna-gora","status":"publish","type":"page","link":"https:\/\/hotelcapitano.me\/bs\/crna-gora\/","title":{"rendered":"Crna Gora"},"content":{"rendered":"<div class=\"lpb-clear-section\"><\/div><!-- .lpb-clear-section -->\n\n<div class=\"lpb-page-row\"><!-- .lpb-page-row -->\n<div class=\"lpb-container\"><!-- .lpb-container -->\n<div class=\"lpb-row\"><!-- .lpb-row -->\n\n<div class=\"lpb-col-12 lpb-page-item has-bg\" ><!-- .lpb-page-item -->\n\n<div class=\"lpb-item-column\" >\n\t<div class=\"lpb-item-content\"><p><strong>Crna Gora je zasigurno jedna od najzanimljivijih turisti\u010dkih ta\u010daka na svijetu. Iako pokriva svega oko 14.000 km2 i ima tek oko 670.000 stanovnika, njen doprinos svjetskoj kulturnoj ba\u0161tini utoliko je i ve\u0107i.<\/strong><\/p>\n<\/div>\n<\/div>\n<\/div><!-- \/.lpb-page-item -->\n\n<\/div><!-- \/.lpb-row -->\n<\/div><!-- \/.lpb-container -->\n<\/div><!-- \/.lpb-page-row -->\n\n<div class=\"lpb-page-row\"><!-- .lpb-page-row -->\n<div class=\"lpb-container\"><!-- .lpb-container -->\n<div class=\"lpb-row\"><!-- .lpb-row -->\n\n<div class=\"lpb-col-6 lpb-page-item has-bg\" ><!-- .lpb-page-item -->\n\n\t\t<div class=\"morrison-hotel-gallery flexslider\" data-speed=\"4000\" style=\"max-width:\">\n\t\t\t<ul class=\"slides\">\n\t\t\t\t\n\t\t\t\t\t<li>\n\t\t\t\t\t\t<img width=\"680\" height=\"460\" src=\"https:\/\/hotelcapitano.me\/wp-content\/uploads\/2020\/01\/crna_gora_jug_09.jpg\" class=\"attachment-full size-full\" alt=\"\" loading=\"lazy\" \/>\t\t\t\t\t<\/li>\n\n\t\t\t\t\n\t\t\t\t\t<li>\n\t\t\t\t\t\t<img width=\"680\" height=\"460\" src=\"https:\/\/hotelcapitano.me\/wp-content\/uploads\/2020\/01\/crna_gora_jug_01.jpg\" class=\"attachment-full size-full\" alt=\"\" loading=\"lazy\" \/>\t\t\t\t\t<\/li>\n\n\t\t\t\t\n\t\t\t\t\t<li>\n\t\t\t\t\t\t<img width=\"680\" height=\"460\" src=\"https:\/\/hotelcapitano.me\/wp-content\/uploads\/2020\/01\/crna_gora_jug_02.jpg\" class=\"attachment-full size-full\" alt=\"\" loading=\"lazy\" \/>\t\t\t\t\t<\/li>\n\n\t\t\t\t\n\t\t\t\t\t<li>\n\t\t\t\t\t\t<img width=\"680\" height=\"460\" src=\"https:\/\/hotelcapitano.me\/wp-content\/uploads\/2020\/01\/crna_gora_jug_03.jpg\" class=\"attachment-full size-full\" alt=\"\" loading=\"lazy\" \/>\t\t\t\t\t<\/li>\n\n\t\t\t\t\n\t\t\t\t\t<li>\n\t\t\t\t\t\t<img width=\"680\" height=\"460\" src=\"https:\/\/hotelcapitano.me\/wp-content\/uploads\/2020\/01\/crna_gora_jug_04.jpg\" class=\"attachment-full size-full\" alt=\"\" loading=\"lazy\" \/>\t\t\t\t\t<\/li>\n\n\t\t\t\t\n\t\t\t\t\t<li>\n\t\t\t\t\t\t<img width=\"680\" height=\"460\" src=\"https:\/\/hotelcapitano.me\/wp-content\/uploads\/2020\/01\/herceg_novi_1.jpg\" class=\"attachment-full size-full\" alt=\"\" loading=\"lazy\" \/>\t\t\t\t\t<\/li>\n\n\t\t\t\t\n\t\t\t\t\t<li>\n\t\t\t\t\t\t<img width=\"680\" height=\"460\" src=\"https:\/\/hotelcapitano.me\/wp-content\/uploads\/2020\/01\/herceg_novi_2.jpg\" class=\"attachment-full size-full\" alt=\"\" loading=\"lazy\" \/>\t\t\t\t\t<\/li>\n\n\t\t\t\t\t\t\t<\/ul>\n\t\t<\/div>\n\t<\/div><!-- \/.lpb-page-item -->\n<div class=\"lpb-col-6 lpb-page-item has-bg\" ><!-- .lpb-page-item -->\n\n<div class=\"lpb-item-column\" >\n\t<div class=\"lpb-item-content\"><p>Mediteranska gra\u0111evina koju karakteri\u0161e Stari grad, najljep\u0161a je u Budvi, Kotoru i Herceg Novom, koji Crnu Goru stavljaju na kartu centara sa vrijednijim kulturnim i religijskim spomenicima. <\/p>\n<p>Jadransko more je jedno od naj\u010distijih i najprozirnijih na svijetu, \u010dija flora i fauna mo\u017ee biti samo jo\u0161 jedna u nizu pozivnica. Jadran krije i \u010duva mnoge tajne i uspomene.\u00a0<\/p>\n<p>Najtopliji Jadranski grad Ulcinj je srednjevjekovno utvr\u0111enje koga okru\u017euju mnoge romanti\u010dne legende i pri\u010de o ljudima koji su ga posje\u0107ivali, branili i osvajali.<\/p>\n<p>Bar, centar rane srednjevjekovne kulture, i najve\u0107a luka u ovom dijelu Jadrana. Stari dio grada biser je Crne Gore, i mjesto je koje morate posjetiti da biste u potpunosti osjetili atmosferu pro\u0161lih vremena koja se o\u010duvala i danas.<\/p>\n<\/div>\n<\/div>\n<\/div><!-- \/.lpb-page-item -->\n\n<\/div><!-- \/.lpb-row -->\n<\/div><!-- \/.lpb-container -->\n<\/div><!-- \/.lpb-page-row -->\n\n<div class=\"lpb-section parallax-no text-dark row-stretch-default columns-gap-default equal-height-no padding-top-yes padding-bottom-yes margin-bottom-no has-bg\" style=\"background-color:#f5f5f5;\"  data-stretch=\"full\" data-x=\"50%\"><!-- .lpb-section -->\n\n<div class=\"lpb-page-row\"><!-- .lpb-page-row -->\n<div class=\"lpb-container\"><!-- .lpb-container -->\n<div class=\"lpb-row\"><!-- .lpb-row -->\n\n<div class=\"lpb-col-6 lpb-page-item has-bg\" ><!-- .lpb-page-item -->\n\n\t\t<div class=\"morrison-hotel-gallery flexslider\" data-speed=\"4000\" style=\"max-width:\">\n\t\t\t<ul class=\"slides\">\n\t\t\t\t\n\t\t\t\t\t<li>\n\t\t\t\t\t\t<img width=\"680\" height=\"460\" src=\"https:\/\/hotelcapitano.me\/wp-content\/uploads\/2020\/01\/crna_gora_jug_07.jpg\" class=\"attachment-full size-full\" alt=\"\" loading=\"lazy\" \/>\t\t\t\t\t<\/li>\n\n\t\t\t\t\n\t\t\t\t\t<li>\n\t\t\t\t\t\t<img width=\"680\" height=\"460\" src=\"https:\/\/hotelcapitano.me\/wp-content\/uploads\/2020\/01\/crna_gora_jug_06.jpg\" class=\"attachment-full size-full\" alt=\"\" loading=\"lazy\" \/>\t\t\t\t\t<\/li>\n\n\t\t\t\t\n\t\t\t\t\t<li>\n\t\t\t\t\t\t<img width=\"680\" height=\"460\" src=\"https:\/\/hotelcapitano.me\/wp-content\/uploads\/2020\/01\/crna_gora_jug_08.jpg\" class=\"attachment-full size-full\" alt=\"\" loading=\"lazy\" \/>\t\t\t\t\t<\/li>\n\n\t\t\t\t\n\t\t\t\t\t<li>\n\t\t\t\t\t\t<img width=\"680\" height=\"460\" src=\"https:\/\/hotelcapitano.me\/wp-content\/uploads\/2020\/01\/crna_gora_jug_05.jpg\" class=\"attachment-full size-full\" alt=\"\" loading=\"lazy\" \/>\t\t\t\t\t<\/li>\n\n\t\t\t\t\n\t\t\t\t\t<li>\n\t\t\t\t\t\t<img width=\"680\" height=\"460\" src=\"https:\/\/hotelcapitano.me\/wp-content\/uploads\/2020\/01\/bar.jpg\" class=\"attachment-full size-full\" alt=\"\" loading=\"lazy\" \/>\t\t\t\t\t<\/li>\n\n\t\t\t\t\n\t\t\t\t\t<li>\n\t\t\t\t\t\t<img width=\"680\" height=\"460\" src=\"https:\/\/hotelcapitano.me\/wp-content\/uploads\/2020\/01\/ulcinj.jpg\" class=\"attachment-full size-full\" alt=\"\" loading=\"lazy\" \/>\t\t\t\t\t<\/li>\n\n\t\t\t\t\t\t\t<\/ul>\n\t\t<\/div>\n\t<\/div><!-- \/.lpb-page-item -->\n<div class=\"lpb-col-6 lpb-page-item has-bg\" ><!-- .lpb-page-item -->\n\n<div class=\"lpb-item-column\" style=\"background-color:#f5f5f5;\">\n\t<div class=\"lpb-item-content\"><p>Budva, koja svojom rivijerom spada u red najljep\u0161ih mediteranskih turisti\u010dkih centara, danas je biser na Jadranskoj obali. Grad hotel Sveti Stefan, ostrvo turisti\u010dki kompleks Sveti Nikola, popularno nazvan Havaji, uz dvije i po hiljade godina staru istoriju grada prava su obilje\u017eija Budvanske rivijere koju karakteri\u0161u godi\u0161nje temperature jednake onima na francuskoj i italijanskoj rivijeri.<\/p>\n<p>Kotor, grad pod za\u0161titom UNESCO-a, danas spada u red najposje\u0107eniji Jadranskih naselja i gotovo je neizostavan dio bilo kakvog programa mediteranskog krstarenja. Izvrsna arhitektura, mno\u0161tvo gra\u0111evina gotskog, romanskog, renesansnog i baroknog stila \u010dine ga najinteresantnijim gradom na isto\u010dnoj Jadranskoj obali.\u00a0<\/p>\n<p>Herceg Novi, najsjeverniji crnogorski Jadranski grad, stepenasto izdignut iznad predivnog ulaza u Bokokotorski zaliv, pamti \u0161panske, francuske, austro-ugarske, otomanske i mleta\u010dke imperije, pa se uticaj svih ovih civilizacija i danas osje\u0107a u kulturi Herceg Novog; ovo je grad sa 300 sun\u010danih dana u godini, sa srednjom godi\u0161njom temperaturom od 16,2 C\u00b0, i maslinjacima koje mo\u017eete prona\u0107i na 520m nadmorske visine.<\/p>\n<\/div>\n<\/div>\n<\/div><!-- \/.lpb-page-item -->\n\n<\/div><!-- \/.lpb-row -->\n<\/div><!-- \/.lpb-container -->\n<\/div><!-- \/.lpb-page-row -->\n\n<\/div><!-- \/.lpb-section -->\n\n<div class=\"lpb-section parallax-no text-dark row-stretch-default columns-gap-default equal-height-no padding-top-yes padding-bottom-no margin-bottom-no has-bg\" style=\"background-color:#ffffff;\"  data-stretch=\"full\" data-x=\"50%\"><!-- .lpb-section -->\n\n<div class=\"lpb-page-row\"><!-- .lpb-page-row -->\n<div class=\"lpb-container\"><!-- .lpb-container -->\n<div class=\"lpb-row\"><!-- .lpb-row -->\n\n<div class=\"lpb-col-6 lpb-page-item has-bg\" ><!-- .lpb-page-item -->\n\n\t\t<div class=\"morrison-hotel-gallery flexslider\" data-speed=\"4000\" style=\"max-width:\">\n\t\t\t<ul class=\"slides\">\n\t\t\t\t\n\t\t\t\t\t<li>\n\t\t\t\t\t\t<img width=\"680\" height=\"460\" src=\"https:\/\/hotelcapitano.me\/wp-content\/uploads\/2020\/01\/crna_gora_sjever_09.jpg\" class=\"attachment-full size-full\" alt=\"\" loading=\"lazy\" \/>\t\t\t\t\t<\/li>\n\n\t\t\t\t\n\t\t\t\t\t<li>\n\t\t\t\t\t\t<img width=\"680\" height=\"460\" src=\"https:\/\/hotelcapitano.me\/wp-content\/uploads\/2020\/01\/crna_gora_sjever_10.jpg\" class=\"attachment-full size-full\" alt=\"\" loading=\"lazy\" \/>\t\t\t\t\t<\/li>\n\n\t\t\t\t\n\t\t\t\t\t<li>\n\t\t\t\t\t\t<img width=\"680\" height=\"460\" src=\"https:\/\/hotelcapitano.me\/wp-content\/uploads\/2020\/01\/crna_gora_sjever_01.jpg\" class=\"attachment-full size-full\" alt=\"\" loading=\"lazy\" \/>\t\t\t\t\t<\/li>\n\n\t\t\t\t\n\t\t\t\t\t<li>\n\t\t\t\t\t\t<img width=\"680\" height=\"460\" src=\"https:\/\/hotelcapitano.me\/wp-content\/uploads\/2020\/01\/crna_gora_sjever_02.jpg\" class=\"attachment-full size-full\" alt=\"\" loading=\"lazy\" \/>\t\t\t\t\t<\/li>\n\n\t\t\t\t\n\t\t\t\t\t<li>\n\t\t\t\t\t\t<img width=\"680\" height=\"460\" src=\"https:\/\/hotelcapitano.me\/wp-content\/uploads\/2020\/01\/crna_gora_sjever_03.jpg\" class=\"attachment-full size-full\" alt=\"\" loading=\"lazy\" \/>\t\t\t\t\t<\/li>\n\n\t\t\t\t\n\t\t\t\t\t<li>\n\t\t\t\t\t\t<img width=\"680\" height=\"460\" src=\"https:\/\/hotelcapitano.me\/wp-content\/uploads\/2020\/01\/crna_gora_sjever_04.jpg\" class=\"attachment-full size-full\" alt=\"\" loading=\"lazy\" \/>\t\t\t\t\t<\/li>\n\n\t\t\t\t\n\t\t\t\t\t<li>\n\t\t\t\t\t\t<img width=\"680\" height=\"460\" src=\"https:\/\/hotelcapitano.me\/wp-content\/uploads\/2020\/01\/crna_gora_sjever_05.jpg\" class=\"attachment-full size-full\" alt=\"\" loading=\"lazy\" \/>\t\t\t\t\t<\/li>\n\n\t\t\t\t\n\t\t\t\t\t<li>\n\t\t\t\t\t\t<img width=\"680\" height=\"460\" src=\"https:\/\/hotelcapitano.me\/wp-content\/uploads\/2020\/01\/crna_gora_sjever_06.jpg\" class=\"attachment-full size-full\" alt=\"\" loading=\"lazy\" \/>\t\t\t\t\t<\/li>\n\n\t\t\t\t\n\t\t\t\t\t<li>\n\t\t\t\t\t\t<img width=\"680\" height=\"460\" src=\"https:\/\/hotelcapitano.me\/wp-content\/uploads\/2020\/01\/crna_gora_sjever_07.jpg\" class=\"attachment-full size-full\" alt=\"\" loading=\"lazy\" \/>\t\t\t\t\t<\/li>\n\n\t\t\t\t\n\t\t\t\t\t<li>\n\t\t\t\t\t\t<img width=\"680\" height=\"460\" src=\"https:\/\/hotelcapitano.me\/wp-content\/uploads\/2020\/01\/crna_gora_sjever_08.jpg\" class=\"attachment-full size-full\" alt=\"\" loading=\"lazy\" \/>\t\t\t\t\t<\/li>\n\n\t\t\t\t\t\t\t<\/ul>\n\t\t<\/div>\n\t<\/div><!-- \/.lpb-page-item -->\n<div class=\"lpb-col-6 lpb-page-item has-bg\" ><!-- .lpb-page-item -->\n\n<div class=\"lpb-item-column\" >\n\t<div class=\"lpb-item-content\"><p>No, iako je najeksponiranija i za ljetnji turizam najinteresantnija, crnogorska obala je samo jedan dio onoga \u0161to Crna Gora mo\u017ee ponuditi turistima, avanturistima i istra\u017eiva\u010dima. Tek kada se za\u0111e iza uskog primorskog pojasa nad kojim se uzdi\u017eu Lov\u0107en, Orjen i Rumija, po\u010dinje put upoznavanja drugog dijela Crne Gore.<\/p>\n<p>Crnogorski sjever bogat vazdu\u0161nim banjama i ljekovitim biljem, danas je malo ostrvo Evrope koje \u0107e vam poslu\u017eiti i kao uto\u010di\u0161te u zdrav i prirodan \u017eivot i koji \u0107e vam vratiti snagu svje\u017einom koju donosi priroda i toplinom kojom odi\u0161u ljudi kao nigdje na svijetu.<br \/>\nSjever Crne Gore je bogat planinama, ima prelijepe i netaknute nacionalne parkove (Durmitor, Biogradska gora, Skadarko jezero), kanjone (Tara, Nevidio), i mno\u0161tvo rijeka, jezera i skrivenih dragulja koji prosto vape za istra\u017eivanjem i posjetiocima. <\/p>\n<p>Crna Gora vas \u010deka da je istra\u017eite i osjetite njene \u010dari koje nesebi\u010dno pru\u017ea.<\/p>\n<\/div>\n<\/div>\n<\/div><!-- \/.lpb-page-item -->\n<\/div><!-- \/.lpb-row -->\n<\/div><!-- \/.lpb-container -->\n<\/div><!-- \/.lpb-page-row -->\n\n<\/div><!-- \/.lpb-section -->\n\n","protected":false},"excerpt":{"rendered":"<p>Includes a minibar, a private seating area and a private terrace with sea view and is ideal for private meetings in a informal atmosphere. With a 70mq surface, it provides room for 10 to 20 people.<\/p>\n","protected":false},"author":1,"featured_media":532,"parent":0,"menu_order":0,"comment_status":"closed","ping_status":"closed","template":"","meta":[],"aioseo_notices":[],"_links":{"self":[{"href":"https:\/\/hotelcapitano.me\/bs\/wp-json\/wp\/v2\/pages\/34"}],"collection":[{"href":"https:\/\/hotelcapitano.me\/bs\/wp-json\/wp\/v2\/pages"}],"about":[{"href":"https:\/\/hotelcapitano.me\/bs\/wp-json\/wp\/v2\/types\/page"}],"author":[{"embeddable":true,"href":"https:\/\/hotelcapitano.me\/bs\/wp-json\/wp\/v2\/users\/1"}],"replies":[{"embeddable":true,"href":"https:\/\/hotelcapitano.me\/bs\/wp-json\/wp\/v2\/comments?post=34"}],"version-history":[{"count":9,"href":"https:\/\/hotelcapitano.me\/bs\/wp-json\/wp\/v2\/pages\/34\/revisions"}],"predecessor-version":[{"id":533,"href":"https:\/\/hotelcapitano.me\/bs\/wp-json\/wp\/v2\/pages\/34\/revisions\/533"}],"wp:featuredmedia":[{"embeddable":true,"href":"https:\/\/hotelcapitano.me\/bs\/wp-json\/wp\/v2\/media\/532"}],"wp:attachment":[{"href":"https:\/\/hotelcapitano.me\/bs\/wp-json\/wp\/v2\/media?parent=34"}],"curies":[{"name":"wp","href":"https:\/\/api.w.org\/{rel}","templated":true}]}}