{"id":243,"date":"2016-01-07T17:42:49","date_gmt":"2016-01-07T17:42:49","guid":{"rendered":"http:\/\/demo.lollum.com\/morrisonhotel\/?page_id=4"},"modified":"2022-08-06T10:44:49","modified_gmt":"2022-08-06T10:44:49","slug":"home","status":"publish","type":"page","link":"https:\/\/hotelcapitano.me\/bs\/","title":{"rendered":"Po\u010detna"},"content":{"rendered":"\n\t\t<h2 class=\"morrison-hotel-title left border-yes\">Hotel Capitano<br \/> O NAMA<\/h2>\n\n\t\t\n<p>Hotel Capitano otvoren je 2013. godine. U vlasni\u0161tvu i menad\u017ementu porodice Zlokovi\u0107, Hotel je dizajniran tako da svojim gostima pru\u017ei osje\u0107aj kao kod ku\u0107e u ugodnoj, toploj i doma\u0107inskoj atmosferi. <\/p>\n<p>Smje\u0161ten je u staroj,  porodi\u010dnoj, kapetanovoj palati u istorijskom jezgru sela Kamenari, u ambijentalnoj cjelini pod za\u0161titom UNESCO-a. <\/p>\n\n\t\t<h2 class=\"morrison-hotel-title left border-yes\">Benefiti  <br \/> direktne rezervacije<\/h2>\n\n\t\t\n<h4>\u2714 Garantovano najbolje cijene!<\/h4>\n<h4>\u2714 Fleksibilna promjena datuma!<\/h4>\n<h4>\u2714 Najpovoljnija otkazna politika!<\/h4>\n<div style=\"text-align: center;\">\n<div class=\"big\">Hotel nudi 7 luksuznih, moderno opremljenih i zvu\u010dno izolovanih soba, ure\u0111enih u mediteranskom stilu s originalnim kamenim zidovima. Sve sobe imaju flat screen TV sa satelitskim kanalima, wifi-om, mini barom, modernom rasvjetom i klima ure\u0111ajem. <\/div>\n<\/div>\n<div style=\"text-align: center;\">\n<h2>SOBE<\/h2>\n<\/div>\n<div class=\"hotelier room-loop room-loop--shortcode-rooms room-loop--columns-3\">\n\t\t\t\n\t\t\t\n<ul class=\"room-loop__list\">\n\n\t\t\t\t\n\t\t\t\t\t\n<li class=\"room-loop__item room-loop__item--first room-loop__item--odd room-loop__item--columns-3 post-502 room type-room status-publish has-post-thumbnail hentry room_cat-double room_cat-sobe\">\n\n\t\n<a href=\"https:\/\/hotelcapitano.me\/bs\/rooms\/dvokrevetna-soba\/\" class=\"room__thumbnail room__thumbnail--loop\">\n\t<img width=\"300\" height=\"300\" src=\"https:\/\/hotelcapitano.me\/wp-content\/uploads\/2020\/01\/1-1-300x300.jpg\" class=\"attachment-room_catalog size-room_catalog wp-post-image\" alt=\"\" loading=\"lazy\" srcset=\"https:\/\/hotelcapitano.me\/wp-content\/uploads\/2020\/01\/1-1-300x300.jpg 300w, https:\/\/hotelcapitano.me\/wp-content\/uploads\/2020\/01\/1-1-150x150.jpg 150w, https:\/\/hotelcapitano.me\/wp-content\/uploads\/2020\/01\/1-1-75x75.jpg 75w, https:\/\/hotelcapitano.me\/wp-content\/uploads\/2020\/01\/1-1-570x570.jpg 570w, https:\/\/hotelcapitano.me\/wp-content\/uploads\/2020\/01\/1-1-320x320.jpg 320w\" sizes=\"(max-width: 300px) 100vw, 300px\" \/><\/a>\n\n<h3 class=\"room__name room__name--loop\"><a class=\"room__link room__link--loop\" href=\"https:\/\/hotelcapitano.me\/bs\/rooms\/dvokrevetna-soba\/\" rel=\"bookmark\">DVOKREVETNA SOBA<\/a><\/h3>\n\n<span class=\"room__price room__price--loop\"><\/span>\n\n<a class=\"button button--view-room-details\" href=\"https:\/\/hotelcapitano.me\/bs\/rooms\/dvokrevetna-soba\/\">Pogledaj vi\u0161e<\/a>\n\n<\/li>\n\n\t\t\t\t\n\t\t\t\t\t\n<li class=\"room-loop__item room-loop__item--even room-loop__item--columns-3 post-490 room type-room status-publish has-post-thumbnail hentry room_cat-deluxe-double room_cat-sobe\">\n\n\t\n<a href=\"https:\/\/hotelcapitano.me\/bs\/rooms\/deluxe-dvokrevetna-soba\/\" class=\"room__thumbnail room__thumbnail--loop\">\n\t<img width=\"300\" height=\"300\" src=\"https:\/\/hotelcapitano.me\/wp-content\/uploads\/2020\/01\/1-300x300.jpg\" class=\"attachment-room_catalog size-room_catalog wp-post-image\" alt=\"\" loading=\"lazy\" srcset=\"https:\/\/hotelcapitano.me\/wp-content\/uploads\/2020\/01\/1-300x300.jpg 300w, https:\/\/hotelcapitano.me\/wp-content\/uploads\/2020\/01\/1-150x150.jpg 150w, https:\/\/hotelcapitano.me\/wp-content\/uploads\/2020\/01\/1-75x75.jpg 75w, https:\/\/hotelcapitano.me\/wp-content\/uploads\/2020\/01\/1-570x570.jpg 570w, https:\/\/hotelcapitano.me\/wp-content\/uploads\/2020\/01\/1-320x320.jpg 320w\" sizes=\"(max-width: 300px) 100vw, 300px\" \/><\/a>\n\n<h3 class=\"room__name room__name--loop\"><a class=\"room__link room__link--loop\" href=\"https:\/\/hotelcapitano.me\/bs\/rooms\/deluxe-dvokrevetna-soba\/\" rel=\"bookmark\">DELUXE DVOKREVETNA SOBA<\/a><\/h3>\n\n<span class=\"room__price room__price--loop\"><\/span>\n\n<a class=\"button button--view-room-details\" href=\"https:\/\/hotelcapitano.me\/bs\/rooms\/deluxe-dvokrevetna-soba\/\">Pogledaj vi\u0161e<\/a>\n\n<\/li>\n\n\t\t\t\t\n\t\t\t\t\t\n<li class=\"room-loop__item room-loop__item--last room-loop__item--odd room-loop__item--columns-3 post-61 room type-room status-publish has-post-thumbnail hentry room_cat-king room_cat-sobe\">\n\n\t\n<a href=\"https:\/\/hotelcapitano.me\/bs\/rooms\/superior-soba-queen-size\/\" class=\"room__thumbnail room__thumbnail--loop\">\n\t<img width=\"300\" height=\"300\" src=\"https:\/\/hotelcapitano.me\/wp-content\/uploads\/2016\/01\/1-300x300.jpg\" class=\"attachment-room_catalog size-room_catalog wp-post-image\" alt=\"\" loading=\"lazy\" srcset=\"https:\/\/hotelcapitano.me\/wp-content\/uploads\/2016\/01\/1-300x300.jpg 300w, https:\/\/hotelcapitano.me\/wp-content\/uploads\/2016\/01\/1-150x150.jpg 150w, https:\/\/hotelcapitano.me\/wp-content\/uploads\/2016\/01\/1-75x75.jpg 75w, https:\/\/hotelcapitano.me\/wp-content\/uploads\/2016\/01\/1-570x570.jpg 570w, https:\/\/hotelcapitano.me\/wp-content\/uploads\/2016\/01\/1-320x320.jpg 320w\" sizes=\"(max-width: 300px) 100vw, 300px\" \/><\/a>\n\n<h3 class=\"room__name room__name--loop\"><a class=\"room__link room__link--loop\" href=\"https:\/\/hotelcapitano.me\/bs\/rooms\/superior-soba-queen-size\/\" rel=\"bookmark\">SUPERIOR SOBA (QUEEN SIZE)<\/a><\/h3>\n\n<span class=\"room__price room__price--loop\"><\/span>\n\n<a class=\"button button--view-room-details\" href=\"https:\/\/hotelcapitano.me\/bs\/rooms\/superior-soba-queen-size\/\">Pogledaj vi\u0161e<\/a>\n\n<\/li>\n\n\t\t\t\t\n\t\t\t\n<\/ul>\n\n\t\t\t\n\t\t<\/div>\n<div style=\"text-align: center;\">\n<h3>CRNA GORA<\/h3>\n<p>Crna Gora je zasigurno jedna od najzanimljivijih turisti\u010dkih ta\u010daka na svijetu. Iako pokriva svega oko 14.000 km2 i ima tek oko 670.000 stanovnika, njen doprinos svjetskoj kulturnoj ba\u0161tini utoliko je i ve\u0107i.<\/p><\/div>\n<div style=\"text-align: center;\"><strong><a href=\"https:\/\/hotelcapitano.me\/crna-gora\/\">PRO\u010cITAJ VI\u0160E<\/a><\/strong><\/div>\n<div style=\"text-align: center;\">\n<h3>KUHINJA<\/h3>\n<p>Na\u0161a doma\u0107a kuhinja nudi raznovrsnu trpezu. Hrana je univerzalno kulturno iskustvo i uklju\u010duje ba\u0161 sve ljude na svijetu, a na\u0161 Hotel i na\u0161 odabran tim ljudi \u0107e se potruditi da na\u0161im gostima pripremi najukusnija jela sa pa\u017eljivo odabranog menija.<\/p><\/div>\n<div style=\"text-align: center;\"><strong><a href=\"https:\/\/hotelcapitano.me\/kuhinja\/\">PRO\u010cITAJ VI\u0160E<\/a><\/strong><\/div>\n<style type='text\/css' media='all'>#tss-container-3054603562.tss-wrapper .tss-layout10 .item-content-wrapper,\n\t\t\t\t\t#tss-container-3054603562.tss-wrapper .tss-isotope3 .item-content-wrapper,\n\t\t\t\t\t#tss-container-3054603562.tss-wrapper .tss-isotope5 .item-content-wrapper,\n\t\t\t\t\t#tss-container-3054603562.tss-wrapper .tss-carousel10 .item-content-wrapper{background: transparent;}<\/style><div class='rt-container-fluid tss-wrapper ' id='tss-container-3054603562'  data-layout='carousel3' data-desktop-col='3'  data-tab-col='2'  data-mobile-col='1'><div data-title='Loading ...' class='rt-row tss-carousel3 tss-even tss-pre-loader'><div class=\"carousel-wrapper\"><div  class='tss-carousel swiper'\n\t\t\t\t\t\t\t\t\t\tdata-loop='false'\n\t\t\t\t\t\t\t\t\t\tdata-items-desktop='3'\n\t\t\t\t\t\t\t\t\t\tdata-items-tab='2'\n\t\t\t\t\t\t\t\t\t\tdata-items-mobile='1'\n\t\t\t\t\t\t\t\t\t\tdata-autoplay='true'\n\t\t\t\t\t\t\t\t\t\tdata-autoplay-timeout='5000'\n\t\t\t\t\t\t\t\t\t\tdata-autoplay-hover-pause='false'\n\t\t\t\t\t\t\t\t\t\tdata-dots='true'\n\t\t\t\t\t\t\t\t\t\tdata-nav='false'\n\t\t\t\t\t\t\t\t\t\tdata-lazy-load='false'\n\t\t\t\t\t\t\t\t\t\tdata-auto-height='false'\n\t\t\t\t\t\t\t\t\t\tdata-smart-speed='2000'\n\t\t\t\t\t\t\t\t\t\t><div class=\"swiper-wrapper\"><div class='rt-col-md-12 rt-col-sm-12 rt-col-xs-12 even-grid-item tss-grid-item slide-item swiper-slide even-grid-item default-margin'><div class=\"single-item-wrapper\"><div class=\"tss-meta-info\"><div class='profile-img-wrapper'><img alt='Maja' class='rt-responsive-img' src='https:\/\/hotelcapitano.me\/wp-content\/uploads\/2022\/08\/avatar.png' \/><\/div><\/div><div class=\"rating-wrapper\"><span data-star='1' class='star-1 dashicons dashicons-star-filled' aria-hidden='true'><\/span><span data-star='2' class='star-2 dashicons dashicons-star-filled' aria-hidden='true'><\/span><span data-star='3' class='star-3 dashicons dashicons-star-filled' aria-hidden='true'><\/span><span data-star='4' class='star-4 dashicons dashicons-star-filled' aria-hidden='true'><\/span><span data-star='5' class='star-5 dashicons dashicons-star-filled' aria-hidden='true'><\/span><\/div><h3 class='author-name'>Maja<\/h3><h4 class=\"author-bio\"><span class='author-location'>Srbija<\/span><\/h4><div class=\"item-content-wrapper\"><div class='item-content'>\"Najbolji boutique hotel u Boki. Sve u vezi sa njim je zapanjuju\u0107e. Sobe, hrana, bazen, a iznad svega osoblje, koje je uvijek tu za vas. Izuzetna lokacija.\r\n<\/div><\/div><\/div><\/div><div class='rt-col-md-12 rt-col-sm-12 rt-col-xs-12 even-grid-item tss-grid-item slide-item swiper-slide even-grid-item default-margin'><div class=\"single-item-wrapper\"><div class=\"tss-meta-info\"><div class='profile-img-wrapper'><img alt='Nikola' class='rt-responsive-img' src='https:\/\/hotelcapitano.me\/wp-content\/uploads\/2022\/08\/avatar.png' \/><\/div><\/div><div class=\"rating-wrapper\"><span data-star='1' class='star-1 dashicons dashicons-star-filled' aria-hidden='true'><\/span><span data-star='2' class='star-2 dashicons dashicons-star-filled' aria-hidden='true'><\/span><span data-star='3' class='star-3 dashicons dashicons-star-filled' aria-hidden='true'><\/span><span data-star='4' class='star-4 dashicons dashicons-star-filled' aria-hidden='true'><\/span><span data-star='5' class='star-5 dashicons dashicons-star-filled' aria-hidden='true'><\/span><\/div><h3 class='author-name'>Nikola<\/h3><h4 class=\"author-bio\"><span class='author-location'>Crna Gora<\/span><\/h4><div class=\"item-content-wrapper\"><div class='item-content'>\"Hotel je spektakularan! Sve u vezi sa njim vas ostavlja bez teksta. Super osoblje, posve\u0107eno svakom gostu. Divna soba, bazen, doru\u010dak izuzetan! Zapanjuju\u0107i pogled!\"\r\n<\/div><\/div><\/div><\/div><div class='rt-col-md-12 rt-col-sm-12 rt-col-xs-12 even-grid-item tss-grid-item slide-item swiper-slide even-grid-item default-margin'><div class=\"single-item-wrapper\"><div class=\"tss-meta-info\"><div class='profile-img-wrapper'><img alt='Sandro' class='rt-responsive-img' src='https:\/\/hotelcapitano.me\/wp-content\/uploads\/2022\/08\/avatar.png' \/><\/div><\/div><div class=\"rating-wrapper\"><span data-star='1' class='star-1 dashicons dashicons-star-filled' aria-hidden='true'><\/span><span data-star='2' class='star-2 dashicons dashicons-star-filled' aria-hidden='true'><\/span><span data-star='3' class='star-3 dashicons dashicons-star-filled' aria-hidden='true'><\/span><span data-star='4' class='star-4 dashicons dashicons-star-filled' aria-hidden='true'><\/span><span data-star='5' class='star-5 dashicons dashicons-star-filled' aria-hidden='true'><\/span><\/div><h3 class='author-name'>Sandro<\/h3><h4 class=\"author-bio\"><span class='author-location'>BiH<\/span><\/h4><div class=\"item-content-wrapper\"><div class='item-content'>\"Predivan mali hotel, veoma \u010dist, a osoblje prijateljski nastrojeno. Sve preporuke.\"\r\n<\/div><\/div><\/div><\/div><div class='rt-col-md-12 rt-col-sm-12 rt-col-xs-12 even-grid-item tss-grid-item slide-item swiper-slide even-grid-item default-margin'><div class=\"single-item-wrapper\"><div class=\"tss-meta-info\"><div class='profile-img-wrapper'><img alt='Isa' class='rt-responsive-img' src='https:\/\/hotelcapitano.me\/wp-content\/uploads\/2022\/08\/avatar.png' \/><\/div><\/div><div class=\"rating-wrapper\"><span data-star='1' class='star-1 dashicons dashicons-star-filled' aria-hidden='true'><\/span><span data-star='2' class='star-2 dashicons dashicons-star-filled' aria-hidden='true'><\/span><span data-star='3' class='star-3 dashicons dashicons-star-filled' aria-hidden='true'><\/span><span data-star='4' class='star-4 dashicons dashicons-star-filled' aria-hidden='true'><\/span><span data-star='5' class='star-5 dashicons dashicons-star-filled' aria-hidden='true'><\/span><\/div><h3 class='author-name'>Isa<\/h3><h4 class=\"author-bio\"><span class='author-location'>Srbija<\/span><\/h4><div class=\"item-content-wrapper\"><div class='item-content'>\"Sve je fantasticno, premasili ste moja ocekivanja i jako sam zadovoljan. Ovo ce svakako biti hotel u koji cu se vracati, jedan od omiljenih od sada.\"\r\n<\/div><\/div><\/div><\/div><div class='rt-col-md-12 rt-col-sm-12 rt-col-xs-12 even-grid-item tss-grid-item slide-item swiper-slide even-grid-item default-margin'><div class=\"single-item-wrapper\"><div class=\"tss-meta-info\"><div class='profile-img-wrapper'><img alt='Sandra' class='rt-responsive-img' src='https:\/\/hotelcapitano.me\/wp-content\/uploads\/2022\/08\/avatar.png' \/><\/div><\/div><div class=\"rating-wrapper\"><span data-star='1' class='star-1 dashicons dashicons-star-filled' aria-hidden='true'><\/span><span data-star='2' class='star-2 dashicons dashicons-star-filled' aria-hidden='true'><\/span><span data-star='3' class='star-3 dashicons dashicons-star-filled' aria-hidden='true'><\/span><span data-star='4' class='star-4 dashicons dashicons-star-filled' aria-hidden='true'><\/span><span data-star='5' class='star-5 dashicons dashicons-star-filled' aria-hidden='true'><\/span><\/div><h3 class='author-name'>Sandra<\/h3><h4 class=\"author-bio\"><span class='author-location'>Hrvatska<\/span><\/h4><div class=\"item-content-wrapper\"><div class='item-content'>\"Iskrena preporuka za prave znalce i \u0161tovaoce ugodne atmosfere i lijepog interijera. Doru\u010dak na zavidnom nivou!\" \r\n<\/div><\/div><\/div><\/div><div class='rt-col-md-12 rt-col-sm-12 rt-col-xs-12 even-grid-item tss-grid-item slide-item swiper-slide even-grid-item default-margin'><div class=\"single-item-wrapper\"><div class=\"tss-meta-info\"><div class='profile-img-wrapper'><img alt='Neboj\u0161a' class='rt-responsive-img' src='https:\/\/hotelcapitano.me\/wp-content\/uploads\/2022\/08\/avatar.png' \/><\/div><\/div><div class=\"rating-wrapper\"><span data-star='1' class='star-1 dashicons dashicons-star-filled' aria-hidden='true'><\/span><span data-star='2' class='star-2 dashicons dashicons-star-filled' aria-hidden='true'><\/span><span data-star='3' class='star-3 dashicons dashicons-star-filled' aria-hidden='true'><\/span><span data-star='4' class='star-4 dashicons dashicons-star-filled' aria-hidden='true'><\/span><span data-star='5' class='star-5 dashicons dashicons-star-filled' aria-hidden='true'><\/span><\/div><h3 class='author-name'>Neboj\u0161a<\/h3><h4 class=\"author-bio\"><span class='author-location'>Norve\u0161ka<\/span><\/h4><div class=\"item-content-wrapper\"><div class='item-content'>\"Sve je bilo pristojno i vredno novca,  jako smo zadovoljni uslugom i ljubazno\u0161\u0107u osoblja. Topla preporuka!\" \r\n<\/div><\/div><\/div><\/div><\/div><div class=\"swiper-pagination\"><\/div><\/div><\/div><div class=\"rt-loading-overlay\"><\/div><div class=\"rt-loading rt-ball-clip-rotate\"><div><\/div><\/div><\/div><\/div>\n<div style=\"text-align: center;\">\n<h3>LOKACIJA<\/h3>\n<\/div>\n","protected":false},"excerpt":{"rendered":"<p>Hotel Capitano otvoren je 2013. godine. U vlasni\u0161tvu i menad\u017ementu porodice Zlokovi\u0107, Hotel je dizajniran tako da svojim gostima pru\u017ei osje\u0107aj kao kod ku\u0107e u ugodnoj, toploj i doma\u0107inskoj atmosferi. Smje\u0161ten je u staroj, porodi\u010dnoj, kapetanovoj palati u istorijskom jezgru sela Kamenari, u ambijentalnoj cjelini pod za\u0161titom UNESCO-a. \u2714 Garantovano najbolje cijene! \u2714 Fleksibilna promjena [&hellip;]<\/p>\n","protected":false},"author":1,"featured_media":0,"parent":0,"menu_order":0,"comment_status":"closed","ping_status":"closed","template":"","meta":[],"aioseo_notices":[],"_links":{"self":[{"href":"https:\/\/hotelcapitano.me\/bs\/wp-json\/wp\/v2\/pages\/243"}],"collection":[{"href":"https:\/\/hotelcapitano.me\/bs\/wp-json\/wp\/v2\/pages"}],"about":[{"href":"https:\/\/hotelcapitano.me\/bs\/wp-json\/wp\/v2\/types\/page"}],"author":[{"embeddable":true,"href":"https:\/\/hotelcapitano.me\/bs\/wp-json\/wp\/v2\/users\/1"}],"replies":[{"embeddable":true,"href":"https:\/\/hotelcapitano.me\/bs\/wp-json\/wp\/v2\/comments?post=243"}],"version-history":[{"count":25,"href":"https:\/\/hotelcapitano.me\/bs\/wp-json\/wp\/v2\/pages\/243\/revisions"}],"predecessor-version":[{"id":826,"href":"https:\/\/hotelcapitano.me\/bs\/wp-json\/wp\/v2\/pages\/243\/revisions\/826"}],"wp:attachment":[{"href":"https:\/\/hotelcapitano.me\/bs\/wp-json\/wp\/v2\/media?parent=243"}],"curies":[{"name":"wp","href":"https:\/\/api.w.org\/{rel}","templated":true}]}}