{"id":24,"date":"2016-01-07T17:53:49","date_gmt":"2016-01-07T17:53:49","guid":{"rendered":"http:\/\/demo.lollum.com\/morrisonhotel\/?page_id=24"},"modified":"2020-07-02T09:43:04","modified_gmt":"2020-07-02T09:43:04","slug":"o-nama","status":"publish","type":"page","link":"https:\/\/hotelcapitano.me\/bs\/o-nama\/","title":{"rendered":"O nama"},"content":{"rendered":"<div class=\"lpb-clear-section\"><\/div><!-- .lpb-clear-section -->\n\n<div class=\"lpb-section parallax-no text-dark row-stretch-boxed columns-gap-default equal-height-no padding-top-no padding-bottom-no margin-bottom-no has-bg\" style=\"background-color:#ffffff;\"  data-stretch=\"full\" data-x=\"50%\"><!-- .lpb-section -->\n\n<div class=\"lpb-page-row\"><!-- .lpb-page-row -->\n<div class=\"lpb-container\"><!-- .lpb-container -->\n<div class=\"lpb-row\"><!-- .lpb-row -->\n\n<div class=\"lpb-col-6 lpb-page-item has-bg\" ><!-- .lpb-page-item -->\n\n<div class=\"lpb-item-column\" >\n\t<div class=\"lpb-item-content\"><p>Hotel Capitano otvoren je 2013. godine. U vlasni\u0161tvu i menad\u017ementu porodice Zlokovi\u0107, Hotel je dizajniran tako da svojim gostima pru\u017ei osje\u0107aj kao kod ku\u0107e u ugodnoj, toploj i doma\u0107inskoj atmosferi. Smje\u0161ten je u staroj,  porodi\u010dnoj, kapetanovoj palati u istorijskom jezgru sela Kamenari, u ambijentalnoj cjelini pod za\u0161titom UNESCO-a.<\/p>\n<\/div>\n<\/div>\n<\/div><!-- \/.lpb-page-item -->\n<div class=\"lpb-col-6 lpb-page-item has-bg\" ><!-- .lpb-page-item -->\n\n<div class=\"lpb-item-column\" >\n\t<div class=\"lpb-item-content\"><p>U srcu i sredi\u0161tu zaliva Boka, na 50m od lokalne trajektne luke, brzo i jednostavno mo\u017eete se uputiti ka obli\u017enjim turisti\u010dkim i istorijskim centrima: Porto Novi - Kumbor, Herceg Novi, Porto Montenegro - Tivat, Kotor, Budva, Cetinje, Dubrovnik , aerodrom Tivat udaljen je 7km, aerodrom \u0106ilipi (Dubrovnik) 40km, aerodrom Golubovci (Podgorica) 100km.<\/p>\n<\/div>\n<\/div>\n<\/div><!-- \/.lpb-page-item -->\n\n<\/div><!-- \/.lpb-row -->\n<\/div><!-- \/.lpb-container -->\n<\/div><!-- \/.lpb-page-row -->\n\n<div class=\"lpb-page-row\"><!-- .lpb-page-row -->\n<div class=\"lpb-container\"><!-- .lpb-container -->\n<div class=\"lpb-row\"><!-- .lpb-row -->\n\n<div class=\"lpb-col-12 lpb-page-item has-bg\" ><!-- .lpb-page-item -->\n\n<hr class=\"lpb-item-line\">\n<\/div><!-- \/.lpb-page-item -->\n\n<\/div><!-- \/.lpb-row -->\n<\/div><!-- \/.lpb-container -->\n<\/div><!-- \/.lpb-page-row -->\n\n<\/div><!-- \/.lpb-section -->\n\n<div class=\"lpb-page-row\"><!-- .lpb-page-row -->\n<div class=\"lpb-container\"><!-- .lpb-container -->\n<div class=\"lpb-row\"><!-- .lpb-row -->\n\n<div class=\"lpb-col-12 lpb-page-item has-bg\" ><!-- .lpb-page-item -->\n\n\t\t<div class=\"morrison-hotel-gallery flexslider\" data-speed=\"4000\" style=\"max-width:\">\n\t\t\t<ul class=\"slides\">\n\t\t\t\t\n\t\t\t\t\t<li>\n\t\t\t\t\t\t<img width=\"3992\" height=\"2242\" src=\"https:\/\/hotelcapitano.me\/wp-content\/uploads\/2020\/07\/3-1.jpg\" class=\"attachment-full size-full\" alt=\"\" loading=\"lazy\" \/>\t\t\t\t\t<\/li>\n\n\t\t\t\t\n\t\t\t\t\t<li>\n\t\t\t\t\t\t<img width=\"1100\" height=\"733\" src=\"https:\/\/hotelcapitano.me\/wp-content\/uploads\/2020\/07\/WipeOut10_25_2020_031048.704000.jpg\" class=\"attachment-full size-full\" alt=\"\" loading=\"lazy\" \/>\t\t\t\t\t<\/li>\n\n\t\t\t\t\n\t\t\t\t\t<li>\n\t\t\t\t\t\t<img width=\"6720\" height=\"4480\" src=\"https:\/\/hotelcapitano.me\/wp-content\/uploads\/2020\/07\/10.jpg\" class=\"attachment-full size-full\" alt=\"\" loading=\"lazy\" \/>\t\t\t\t\t<\/li>\n\n\t\t\t\t\n\t\t\t\t\t<li>\n\t\t\t\t\t\t<img width=\"6684\" height=\"4456\" src=\"https:\/\/hotelcapitano.me\/wp-content\/uploads\/2020\/07\/8.jpg\" class=\"attachment-full size-full\" alt=\"\" loading=\"lazy\" \/>\t\t\t\t\t<\/li>\n\n\t\t\t\t\n\t\t\t\t\t<li>\n\t\t\t\t\t\t<img width=\"6720\" height=\"4480\" src=\"https:\/\/hotelcapitano.me\/wp-content\/uploads\/2020\/07\/9.jpg\" class=\"attachment-full size-full\" alt=\"\" loading=\"lazy\" \/>\t\t\t\t\t<\/li>\n\n\t\t\t\t\n\t\t\t\t\t<li>\n\t\t\t\t\t\t<img width=\"6720\" height=\"4480\" src=\"https:\/\/hotelcapitano.me\/wp-content\/uploads\/2020\/07\/2-1.jpg\" class=\"attachment-full size-full\" alt=\"\" loading=\"lazy\" \/>\t\t\t\t\t<\/li>\n\n\t\t\t\t\n\t\t\t\t\t<li>\n\t\t\t\t\t\t<img width=\"6720\" height=\"4480\" src=\"https:\/\/hotelcapitano.me\/wp-content\/uploads\/2020\/07\/5-1.jpg\" class=\"attachment-full size-full\" alt=\"\" loading=\"lazy\" \/>\t\t\t\t\t<\/li>\n\n\t\t\t\t\n\t\t\t\t\t<li>\n\t\t\t\t\t\t<img width=\"6720\" height=\"4480\" src=\"https:\/\/hotelcapitano.me\/wp-content\/uploads\/2020\/07\/6-1.jpg\" class=\"attachment-full size-full\" alt=\"\" loading=\"lazy\" \/>\t\t\t\t\t<\/li>\n\n\t\t\t\t\n\t\t\t\t\t<li>\n\t\t\t\t\t\t<img width=\"6720\" height=\"4480\" src=\"https:\/\/hotelcapitano.me\/wp-content\/uploads\/2020\/07\/7.jpg\" class=\"attachment-full size-full\" alt=\"\" loading=\"lazy\" \/>\t\t\t\t\t<\/li>\n\n\t\t\t\t\t\t\t<\/ul>\n\t\t<\/div>\n\t<\/div><!-- \/.lpb-page-item -->\n\n<\/div><!-- \/.lpb-row -->\n<\/div><!-- \/.lpb-container -->\n<\/div><!-- \/.lpb-page-row -->\n\n<div class=\"lpb-section parallax-no text-dark row-stretch-boxed columns-gap-default equal-height-no padding-top-no padding-bottom-no margin-bottom-no has-bg\" style=\"background-color:#ffffff;\"  data-stretch=\"full\" data-x=\"50%\"><!-- .lpb-section -->\n\n<div class=\"lpb-page-row\"><!-- .lpb-page-row -->\n<div class=\"lpb-container\"><!-- .lpb-container -->\n<div class=\"lpb-row\"><!-- .lpb-row -->\n\n<div class=\"lpb-col-6 lpb-page-item has-bg\" ><!-- .lpb-page-item -->\n\n<div class=\"lpb-item-column\" >\n\t<div class=\"lpb-item-content\"><p>Hotel nudi 7 luksuznih, moderno opremljenih i zvu\u010dno izolovanih soba, ure\u0111enih u mediteranskom stilu s originalnim kamenim zidovima. Sve sobe imaju flat screen TV sa satelitskim kanalima, WIFI, mini bar, modernu rasvjetu i klimu ure\u0111aj. Vlastita kupatila s tu\u0161 kabinom, opremljene su kvalitetnom kozmetikom, fenom za kosu, bade mantilom i papu\u010dama.<\/p>\n<\/div>\n<\/div>\n<\/div><!-- \/.lpb-page-item -->\n<div class=\"lpb-col-6 lpb-page-item has-bg\" ><!-- .lpb-page-item -->\n\n<div class=\"lpb-item-column\" >\n\t<div class=\"lpb-item-content\"><p>Hotel posjeduje intiman vrt sa bazenom u kojem gosti mogu u\u017eivati \u200b\u200bu izvornom, autenti\u010dnom i prirodnom okru\u017eenju. Hotel ima sopstveni restoran koji nudi ve\u010dere po principu zakazivanja, malu vinariju i besplatan parking u blizini.<\/p>\n<\/div>\n<\/div>\n<\/div><!-- \/.lpb-page-item -->\n<\/div><!-- \/.lpb-row -->\n<\/div><!-- \/.lpb-container -->\n<\/div><!-- \/.lpb-page-row -->\n\n<\/div><!-- \/.lpb-section -->\n\n","protected":false},"excerpt":{"rendered":"<p>Hotel Capitano otvoren je 2013. godine. U vlasni\u0161tvu i menad\u017ementu porodice Zlokovi\u0107, Hotel je dizajniran tako da svojim gostima pru\u017ei osje\u0107aj kao kod ku\u0107e u ugodnoj, toploj i doma\u0107inskoj atmosferi. Smje\u0161ten je u staroj, porodi\u010dnoj, kapetanovoj palati u istorijskom jezgru sela Kamenari, u ambijentalnoj cjelini pod za\u0161titom UNESCO-a. U srcu i sredi\u0161tu zaliva Boka, na [&hellip;]<\/p>\n","protected":false},"author":1,"featured_media":0,"parent":0,"menu_order":0,"comment_status":"closed","ping_status":"closed","template":"","meta":[],"aioseo_notices":[],"_links":{"self":[{"href":"https:\/\/hotelcapitano.me\/bs\/wp-json\/wp\/v2\/pages\/24"}],"collection":[{"href":"https:\/\/hotelcapitano.me\/bs\/wp-json\/wp\/v2\/pages"}],"about":[{"href":"https:\/\/hotelcapitano.me\/bs\/wp-json\/wp\/v2\/types\/page"}],"author":[{"embeddable":true,"href":"https:\/\/hotelcapitano.me\/bs\/wp-json\/wp\/v2\/users\/1"}],"replies":[{"embeddable":true,"href":"https:\/\/hotelcapitano.me\/bs\/wp-json\/wp\/v2\/comments?post=24"}],"version-history":[{"count":11,"href":"https:\/\/hotelcapitano.me\/bs\/wp-json\/wp\/v2\/pages\/24\/revisions"}],"predecessor-version":[{"id":1050,"href":"https:\/\/hotelcapitano.me\/bs\/wp-json\/wp\/v2\/pages\/24\/revisions\/1050"}],"wp:attachment":[{"href":"https:\/\/hotelcapitano.me\/bs\/wp-json\/wp\/v2\/media?parent=24"}],"curies":[{"name":"wp","href":"https:\/\/api.w.org\/{rel}","templated":true}]}}