{"id":238,"date":"2016-01-07T17:43:58","date_gmt":"2016-01-07T17:43:58","guid":{"rendered":"http:\/\/demo.lollum.com\/morrisonhotel\/?page_id=8"},"modified":"2020-07-02T08:19:01","modified_gmt":"2020-07-02T08:19:01","slug":"kuhinja","status":"publish","type":"page","link":"https:\/\/hotelcapitano.me\/bs\/kuhinja\/","title":{"rendered":"Kuhinja"},"content":{"rendered":"<div class=\"lpb-clear-section\"><\/div><!-- .lpb-clear-section -->\n\n<div class=\"lpb-section parallax-no text-dark row-stretch-boxed columns-gap-default equal-height-no padding-top-no padding-bottom-no margin-bottom-no has-bg\" style=\"background-color:#ffffff;\"  data-stretch=\"full\" data-x=\"50%\"><!-- .lpb-section -->\n\n<div class=\"lpb-page-row\"><!-- .lpb-page-row -->\n<div class=\"lpb-container\"><!-- .lpb-container -->\n<div class=\"lpb-row\"><!-- .lpb-row -->\n\n<div class=\"lpb-col-12 lpb-page-item has-bg\" ><!-- .lpb-page-item -->\n\n<div class=\"lpb-item-column\" style=\"padding:30px;\">\n\t<div class=\"lpb-item-content\"><div style=\"text-align: center\">Na\u0161a doma\u0107a kuhinja nudi raznovrsnu trpezu. Hrana je univerzalno kulturno iskustvo i uklju\u010duje ba\u0161 sve ljude na svijetu, a na\u0161 Hotel i na\u0161 odabran tim ljudi \u0107e se potruditi da na\u0161im gostima pripremi najukusnija jela sa pa\u017eljivo odabranog menija.<\/div>\n<\/div>\n<\/div>\n<\/div><!-- \/.lpb-page-item -->\n\n<\/div><!-- \/.lpb-row -->\n<\/div><!-- \/.lpb-container -->\n<\/div><!-- \/.lpb-page-row -->\n\n<\/div><!-- \/.lpb-section -->\n\n<div class=\"lpb-page-row\"><!-- .lpb-page-row -->\n<div class=\"lpb-container\"><!-- .lpb-container -->\n<div class=\"lpb-row\"><!-- .lpb-row -->\n\n<div class=\"lpb-col-12 lpb-page-item has-bg\" ><!-- .lpb-page-item -->\n\n<hr class=\"lpb-item-line\">\n<\/div><!-- \/.lpb-page-item -->\n\n<\/div><!-- \/.lpb-row -->\n<\/div><!-- \/.lpb-container -->\n<\/div><!-- \/.lpb-page-row -->\n\n<div class=\"lpb-page-row\"><!-- .lpb-page-row -->\n<div class=\"lpb-container\"><!-- .lpb-container -->\n<div class=\"lpb-row\"><!-- .lpb-row -->\n\n<div class=\"lpb-col-12 lpb-page-item has-bg\" ><!-- .lpb-page-item -->\n\n<div class=\"lpb-item-column\" >\n\t<div class=\"lpb-item-content\"><div id='gallery-2' class='gallery galleryid-238 gallery-columns-3 gallery-size-full'><figure class='gallery-item'>\n\t\t\t<div class='gallery-icon landscape'>\n\t\t\t\t<img width=\"6720\" height=\"4480\" src=\"https:\/\/hotelcapitano.me\/wp-content\/uploads\/2020\/07\/1-1.jpg\" class=\"attachment-full size-full\" alt=\"\" loading=\"lazy\" srcset=\"https:\/\/hotelcapitano.me\/wp-content\/uploads\/2020\/07\/1-1.jpg 6720w, https:\/\/hotelcapitano.me\/wp-content\/uploads\/2020\/07\/1-1-300x200.jpg 300w, https:\/\/hotelcapitano.me\/wp-content\/uploads\/2020\/07\/1-1-768x512.jpg 768w, https:\/\/hotelcapitano.me\/wp-content\/uploads\/2020\/07\/1-1-1024x683.jpg 1024w\" sizes=\"(max-width: 6720px) 100vw, 6720px\" \/>\n\t\t\t<\/div><\/figure><figure class='gallery-item'>\n\t\t\t<div class='gallery-icon landscape'>\n\t\t\t\t<img width=\"6642\" height=\"4428\" src=\"https:\/\/hotelcapitano.me\/wp-content\/uploads\/2020\/07\/2-2.jpg\" class=\"attachment-full size-full\" alt=\"\" loading=\"lazy\" srcset=\"https:\/\/hotelcapitano.me\/wp-content\/uploads\/2020\/07\/2-2.jpg 6642w, https:\/\/hotelcapitano.me\/wp-content\/uploads\/2020\/07\/2-2-300x200.jpg 300w, https:\/\/hotelcapitano.me\/wp-content\/uploads\/2020\/07\/2-2-768x512.jpg 768w, https:\/\/hotelcapitano.me\/wp-content\/uploads\/2020\/07\/2-2-1024x683.jpg 1024w\" sizes=\"(max-width: 6642px) 100vw, 6642px\" \/>\n\t\t\t<\/div><\/figure><figure class='gallery-item'>\n\t\t\t<div class='gallery-icon landscape'>\n\t\t\t\t<img width=\"6700\" height=\"4467\" src=\"https:\/\/hotelcapitano.me\/wp-content\/uploads\/2020\/07\/3-2.jpg\" class=\"attachment-full size-full\" alt=\"\" loading=\"lazy\" srcset=\"https:\/\/hotelcapitano.me\/wp-content\/uploads\/2020\/07\/3-2.jpg 6700w, https:\/\/hotelcapitano.me\/wp-content\/uploads\/2020\/07\/3-2-300x200.jpg 300w, https:\/\/hotelcapitano.me\/wp-content\/uploads\/2020\/07\/3-2-768x512.jpg 768w, https:\/\/hotelcapitano.me\/wp-content\/uploads\/2020\/07\/3-2-1024x683.jpg 1024w\" sizes=\"(max-width: 6700px) 100vw, 6700px\" \/>\n\t\t\t<\/div><\/figure><figure class='gallery-item'>\n\t\t\t<div class='gallery-icon landscape'>\n\t\t\t\t<img width=\"6720\" height=\"4480\" src=\"https:\/\/hotelcapitano.me\/wp-content\/uploads\/2020\/07\/4-1.jpg\" class=\"attachment-full size-full\" alt=\"\" loading=\"lazy\" srcset=\"https:\/\/hotelcapitano.me\/wp-content\/uploads\/2020\/07\/4-1.jpg 6720w, https:\/\/hotelcapitano.me\/wp-content\/uploads\/2020\/07\/4-1-300x200.jpg 300w, https:\/\/hotelcapitano.me\/wp-content\/uploads\/2020\/07\/4-1-768x512.jpg 768w, https:\/\/hotelcapitano.me\/wp-content\/uploads\/2020\/07\/4-1-1024x683.jpg 1024w\" sizes=\"(max-width: 6720px) 100vw, 6720px\" \/>\n\t\t\t<\/div><\/figure><figure class='gallery-item'>\n\t\t\t<div class='gallery-icon landscape'>\n\t\t\t\t<img width=\"6720\" height=\"4480\" src=\"https:\/\/hotelcapitano.me\/wp-content\/uploads\/2020\/07\/5-2.jpg\" class=\"attachment-full size-full\" alt=\"\" loading=\"lazy\" srcset=\"https:\/\/hotelcapitano.me\/wp-content\/uploads\/2020\/07\/5-2.jpg 6720w, https:\/\/hotelcapitano.me\/wp-content\/uploads\/2020\/07\/5-2-300x200.jpg 300w, https:\/\/hotelcapitano.me\/wp-content\/uploads\/2020\/07\/5-2-768x512.jpg 768w, https:\/\/hotelcapitano.me\/wp-content\/uploads\/2020\/07\/5-2-1024x683.jpg 1024w\" sizes=\"(max-width: 6720px) 100vw, 6720px\" \/>\n\t\t\t<\/div><\/figure><figure class='gallery-item'>\n\t\t\t<div class='gallery-icon landscape'>\n\t\t\t\t<img width=\"6700\" height=\"4467\" src=\"https:\/\/hotelcapitano.me\/wp-content\/uploads\/2020\/07\/6-2.jpg\" class=\"attachment-full size-full\" alt=\"\" loading=\"lazy\" srcset=\"https:\/\/hotelcapitano.me\/wp-content\/uploads\/2020\/07\/6-2.jpg 6700w, https:\/\/hotelcapitano.me\/wp-content\/uploads\/2020\/07\/6-2-300x200.jpg 300w, https:\/\/hotelcapitano.me\/wp-content\/uploads\/2020\/07\/6-2-768x512.jpg 768w, https:\/\/hotelcapitano.me\/wp-content\/uploads\/2020\/07\/6-2-1024x683.jpg 1024w\" sizes=\"(max-width: 6700px) 100vw, 6700px\" \/>\n\t\t\t<\/div><\/figure>\n\t\t<\/div>\n\n<\/div>\n<\/div>\n<\/div><!-- \/.lpb-page-item -->\n\n<\/div><!-- \/.lpb-row -->\n<\/div><!-- \/.lpb-container -->\n<\/div><!-- \/.lpb-page-row -->\n\n<div class=\"lpb-page-row\"><!-- .lpb-page-row -->\n<div class=\"lpb-container\"><!-- .lpb-container -->\n<div class=\"lpb-row\"><!-- .lpb-row -->\n\n<div class=\"lpb-col-12 lpb-page-item has-bg\" ><!-- .lpb-page-item -->\n\n<div class=\"lpb-item-column\" >\n\t<div class=\"lpb-item-content\"><h4 style=\"text-align: center\">DORU\u010cAK<\/h4>\n<div style=\"text-align: center\">\nKako ka\u017ee najpoznatiji citat: \u2018\u2019Doru\u010dak je najva\u017eniji obrok tokom dana\u2019\u2019, mi na\u0161im gostima nudimo 2 doru\u010dka, koji je uklju\u010den u cijenu sobe. Dakle, u ponudi imamo \u0161vedski stol pun raznovrsnih suhomesnatih proizvoda, doma\u0107ih sireva, veliki izbor povr\u0107a i vo\u0107a, asortiman doma\u0107e kuhinje, vegeterijanskih jela kao i svje\u017ee cije\u0111ene sokove i naravno preukusne jutarnje kafe. Uz \u0161vedski stol, na raspolaganju je i DORU\u010cAK MENI, na kojem se nalaze razna topla jela koje gosti mogu poru\u010diti. Najrazli\u010ditije kombinacije jela sa jajima, engleski doru\u010dak, pala\u010dinke i naravno nezaobilazni \u2018\u2019specijalitet ku\u0107e\u2019\u2019.\n<\/div>\n<\/div>\n<\/div>\n<\/div><!-- \/.lpb-page-item -->\n\n<\/div><!-- \/.lpb-row -->\n<\/div><!-- \/.lpb-container -->\n<\/div><!-- \/.lpb-page-row -->\n\n<div class=\"lpb-page-row\"><!-- .lpb-page-row -->\n<div class=\"lpb-container\"><!-- .lpb-container -->\n<div class=\"lpb-row\"><!-- .lpb-row -->\n\n<div class=\"lpb-col-12 lpb-page-item has-bg\" ><!-- .lpb-page-item -->\n\n<hr class=\"lpb-item-line\">\n<\/div><!-- \/.lpb-page-item -->\n<\/div><!-- \/.lpb-row -->\n<\/div><!-- \/.lpb-container -->\n<\/div><!-- \/.lpb-page-row -->\n\n","protected":false},"excerpt":{"rendered":"<p>A favorite haunt for savvy locals and refined travelers alike, the Morrison Hotel boasts diverse options for dining and cocktails. Chef John Doe presents a menu of luxury comfort fare and innovative creations. Whatever your delight, the highest standards are our standards at Morrison Hotel.<\/p>\n","protected":false},"author":1,"featured_media":972,"parent":0,"menu_order":0,"comment_status":"closed","ping_status":"closed","template":"","meta":[],"aioseo_notices":[],"_links":{"self":[{"href":"https:\/\/hotelcapitano.me\/bs\/wp-json\/wp\/v2\/pages\/238"}],"collection":[{"href":"https:\/\/hotelcapitano.me\/bs\/wp-json\/wp\/v2\/pages"}],"about":[{"href":"https:\/\/hotelcapitano.me\/bs\/wp-json\/wp\/v2\/types\/page"}],"author":[{"embeddable":true,"href":"https:\/\/hotelcapitano.me\/bs\/wp-json\/wp\/v2\/users\/1"}],"replies":[{"embeddable":true,"href":"https:\/\/hotelcapitano.me\/bs\/wp-json\/wp\/v2\/comments?post=238"}],"version-history":[{"count":7,"href":"https:\/\/hotelcapitano.me\/bs\/wp-json\/wp\/v2\/pages\/238\/revisions"}],"predecessor-version":[{"id":982,"href":"https:\/\/hotelcapitano.me\/bs\/wp-json\/wp\/v2\/pages\/238\/revisions\/982"}],"wp:featuredmedia":[{"embeddable":true,"href":"https:\/\/hotelcapitano.me\/bs\/wp-json\/wp\/v2\/media\/972"}],"wp:attachment":[{"href":"https:\/\/hotelcapitano.me\/bs\/wp-json\/wp\/v2\/media?parent=238"}],"curies":[{"name":"wp","href":"https:\/\/api.w.org\/{rel}","templated":true}]}}