{"id":12,"date":"2016-01-07T17:44:29","date_gmt":"2016-01-07T17:44:29","guid":{"rendered":"http:\/\/demo.lollum.com\/morrisonhotel\/available-rooms\/"},"modified":"2016-01-07T17:44:29","modified_gmt":"2016-01-07T17:44:29","slug":"available-rooms","status":"publish","type":"page","link":"https:\/\/hotelcapitano.me\/bs\/available-rooms\/","title":{"rendered":"Available Rooms"},"content":{"rendered":"<div class=\"lpb-clear-section\"><\/div><!-- .lpb-clear-section -->\n\n<div class=\"lpb-page-row\"><!-- .lpb-page-row -->\n<div class=\"lpb-container\"><!-- .lpb-container -->\n<div class=\"lpb-row\"><!-- .lpb-row -->\n\n<div class=\"lpb-col-12 lpb-page-item has-bg\" ><!-- .lpb-page-item -->\n\n<div class=\"lpb-item-column\" >\n\t<div class=\"lpb-item-content\"><h4>\n<div style=\"text-align: center\">DVOKREVETNA SOBA sa pogledom na more i lokalnu trajektnu luku<\/div>\n<\/h4>\n<\/div>\n<\/div>\n<\/div><!-- \/.lpb-page-item -->\n\n<\/div><!-- \/.lpb-row -->\n<\/div><!-- \/.lpb-container -->\n<\/div><!-- \/.lpb-page-row -->\n\n<div class=\"lpb-page-row\"><!-- .lpb-page-row -->\n<div class=\"lpb-container\"><!-- .lpb-container -->\n<div class=\"lpb-row\"><!-- .lpb-row -->\n\n<div class=\"lpb-col-12 lpb-page-item has-bg\" ><!-- .lpb-page-item -->\n\n<div class=\"lpb-item-column\" >\n\t<div class=\"lpb-item-content\"><div style=\"text-align: center\">Ako ste istra\u017eiva\u010dki tip osobe, koji je do\u0161ao na aktivni odmor i \u017eeli istra\u017eiti na\u0161u dr\u017eavu \u0161to je vi\u0161e mogu\u0107e, onda je ova soba pravi izbor za Vas. Mala ali komforna soba, pru\u017ea osje\u0107aj udobnosti, i ima sve \u0161to Vam je potrebno na Va\u0161em odmoru.<\/div>\n<\/div>\n<\/div>\n<\/div><!-- \/.lpb-page-item -->\n\n<\/div><!-- \/.lpb-row -->\n<\/div><!-- \/.lpb-container -->\n<\/div><!-- \/.lpb-page-row -->\n\n<div class=\"lpb-page-row\"><!-- .lpb-page-row -->\n<div class=\"lpb-container\"><!-- .lpb-container -->\n<div class=\"lpb-row\"><!-- .lpb-row -->\n\n<div class=\"lpb-col-3 lpb-page-item has-bg\" ><!-- .lpb-page-item -->\n\n<div class=\"lpb-item-service\">\n\n\t\t\t<i class=\"fa fa-rss\"><\/i>\n\t\n\t<h4>\n\t\t\n\t\tWi-Fi\n\t\t\t<\/h4>\n\n\t\n<\/div>\n<\/div><!-- \/.lpb-page-item -->\n<div class=\"lpb-col-3 lpb-page-item has-bg\" ><!-- .lpb-page-item -->\n\n<div class=\"lpb-item-service\">\n\n\t\t\t<i class=\"fa fa-desktop\"><\/i>\n\t\n\t<h4>\n\t\t\n\t\tTV\n\t\t\t<\/h4>\n\n\t\n<\/div>\n<\/div><!-- \/.lpb-page-item -->\n<div class=\"lpb-col-3 lpb-page-item has-bg\" ><!-- .lpb-page-item -->\n\n<div class=\"lpb-item-service\">\n\n\t\t\t<i class=\"fa fa-car\"><\/i>\n\t\n\t<h4>\n\t\t\n\t\tParking\n\t\t\t<\/h4>\n\n\t\n<\/div>\n<\/div><!-- \/.lpb-page-item -->\n<div class=\"lpb-col-3 lpb-page-item has-bg\" ><!-- .lpb-page-item -->\n\n<div class=\"lpb-item-service\">\n\n\t\t\t<i class=\"fa fa-phone\"><\/i>\n\t\n\t<h4>\n\t\t\n\t\tTelefon\n\t\t\t<\/h4>\n\n\t\n<\/div>\n<\/div><!-- \/.lpb-page-item -->\n\n<\/div><!-- \/.lpb-row -->\n<\/div><!-- \/.lpb-container -->\n<\/div><!-- \/.lpb-page-row -->\n\n<div class=\"lpb-page-row\"><!-- .lpb-page-row -->\n<div class=\"lpb-container\"><!-- .lpb-container -->\n<div class=\"lpb-row\"><!-- .lpb-row -->\n\n<div class=\"lpb-col-12 lpb-page-item has-bg\" ><!-- .lpb-page-item -->\n\n<div class=\"lpb-item-column\" >\n\t<div class=\"lpb-item-content\"><h4>\n<div style=\"text-align: center\">Soba posjeduje<\/div>\n<\/h4>\n<\/div>\n<\/div>\n<\/div><!-- \/.lpb-page-item -->\n\n<\/div><!-- \/.lpb-row -->\n<\/div><!-- \/.lpb-container -->\n<\/div><!-- \/.lpb-page-row -->\n\n<div class=\"lpb-page-row\"><!-- .lpb-page-row -->\n<div class=\"lpb-container\"><!-- .lpb-container -->\n<div class=\"lpb-row\"><!-- .lpb-row -->\n\n<div class=\"lpb-col-6 lpb-page-item has-bg\" ><!-- .lpb-page-item -->\n\n<div class=\"lpb-item-column\" >\n\t<div class=\"lpb-item-content\"><p>\u2713 Pogled na more i malu lokalnu trajektnu luku.<\/p>\n<p>\u2713 Sobe su ura\u0111ene u toplim i prirodnim materijalima visokog kvaliteta.<\/p>\n<p>\u2713 1 francuski krevet <\/p>\n<p>\u2713 Posteljine su izra\u0111ene od najkvalitetnijeg materijala a dostupno je i vi\u0161e veli\u010dina jastuka.<\/p>\n<\/div>\n<\/div>\n<\/div><!-- \/.lpb-page-item -->\n<div class=\"lpb-col-6 lpb-page-item has-bg\" ><!-- .lpb-page-item -->\n\n<div class=\"lpb-item-column\" >\n\t<div class=\"lpb-item-content\"><p>\u2713 Luksuzno opremljeno kupatilo sa svim prate\u0107im sadr\u017eajima: bade mantilima, papu\u010dama, pe\u0161kirima, fenom i luksuznom linijom kozmetike.<\/p>\n<p>\u2713 Radni stol, garderober\/orman <\/p>\n<p>\u2713 LCD TV, WI-FI internet, telefon, sef, mini bar <\/p>\n<p>\u2713 Klima ure\u0111aj, besplatan parking<\/p>\n<\/div>\n<\/div>\n<\/div><!-- \/.lpb-page-item -->\n\n<\/div><!-- \/.lpb-row -->\n<\/div><!-- \/.lpb-container -->\n<\/div><!-- \/.lpb-page-row -->\n\n<div class=\"lpb-page-row\"><!-- .lpb-page-row -->\n<div class=\"lpb-container\"><!-- .lpb-container -->\n<div class=\"lpb-row\"><!-- .lpb-row -->\n\n<div class=\"lpb-col-12 lpb-page-item has-bg\" ><!-- .lpb-page-item -->\n\n<div class=\"lpb-item-column\" style=\"background-color:#c19c78;\">\n\t<div class=\"lpb-item-content\"><p><a href=\"https:\/\/blancbleuhotels.com\/\" rel=\"noopener\" target=\"_blank\"><\/p>\n<div style=\"text-align: center\">\n<h4>Rezervi\u0161i<\/h4>\n<\/div>\n<p><\/a><\/p>\n<\/div>\n<\/div>\n<\/div><!-- \/.lpb-page-item -->\n<\/div><!-- \/.lpb-row -->\n<\/div><!-- \/.lpb-container -->\n<\/div><!-- \/.lpb-page-row -->\n\n","protected":false},"excerpt":{"rendered":"<p>DVOKREVETNA SOBA sa pogledom na more i lokalnu trajektnu luku Ako ste istra\u017eiva\u010dki tip osobe, koji je do\u0161ao na aktivni odmor i \u017eeli istra\u017eiti na\u0161u dr\u017eavu \u0161to je vi\u0161e mogu\u0107e, onda je ova soba pravi izbor za Vas. Mala ali komforna soba, pru\u017ea osje\u0107aj udobnosti, i ima sve \u0161to Vam je potrebno na Va\u0161em odmoru. [&hellip;]<\/p>\n","protected":false},"author":1,"featured_media":0,"parent":0,"menu_order":0,"comment_status":"closed","ping_status":"closed","template":"","meta":[],"aioseo_notices":[],"_links":{"self":[{"href":"https:\/\/hotelcapitano.me\/bs\/wp-json\/wp\/v2\/pages\/12"}],"collection":[{"href":"https:\/\/hotelcapitano.me\/bs\/wp-json\/wp\/v2\/pages"}],"about":[{"href":"https:\/\/hotelcapitano.me\/bs\/wp-json\/wp\/v2\/types\/page"}],"author":[{"embeddable":true,"href":"https:\/\/hotelcapitano.me\/bs\/wp-json\/wp\/v2\/users\/1"}],"replies":[{"embeddable":true,"href":"https:\/\/hotelcapitano.me\/bs\/wp-json\/wp\/v2\/comments?post=12"}],"version-history":[{"count":0,"href":"https:\/\/hotelcapitano.me\/bs\/wp-json\/wp\/v2\/pages\/12\/revisions"}],"wp:attachment":[{"href":"https:\/\/hotelcapitano.me\/bs\/wp-json\/wp\/v2\/media?parent=12"}],"curies":[{"name":"wp","href":"https:\/\/api.w.org\/{rel}","templated":true}]}}