{"id":1064,"date":"2022-08-04T11:56:09","date_gmt":"2022-08-04T11:56:09","guid":{"rendered":"https:\/\/hotelcapitano.me\/?page_id=1064"},"modified":"2022-08-04T11:58:40","modified_gmt":"2022-08-04T11:58:40","slug":"pocetna","status":"publish","type":"page","link":"https:\/\/hotelcapitano.me\/bs\/pocetna\/","title":{"rendered":"Po\u010detna"},"content":{"rendered":"<div class=\"lpb-clear-section\"><\/div><!-- .lpb-clear-section -->\n\n<div class=\"lpb-page-row\"><!-- .lpb-page-row -->\n<div class=\"lpb-container\"><!-- .lpb-container -->\n<div class=\"lpb-row\"><!-- .lpb-row -->\n\n<div class=\"lpb-col-12 lpb-page-item has-bg\" ><!-- .lpb-page-item -->\n\n<div class=\"lpb-item-column\" >\n\t<div class=\"lpb-item-content\"><h4>\n<div style=\"text-align: center\">SUPERIOR SOBA (QUEEN SIZE) sa pogledom na more i bazen<\/div>\n<\/h4>\n<\/div>\n<\/div>\n<\/div><!-- \/.lpb-page-item -->\n\n<\/div><!-- \/.lpb-row -->\n<\/div><!-- \/.lpb-container -->\n<\/div><!-- \/.lpb-page-row -->\n\n<div class=\"lpb-page-row\"><!-- .lpb-page-row -->\n<div class=\"lpb-container\"><!-- .lpb-container -->\n<div class=\"lpb-row\"><!-- .lpb-row -->\n\n<div class=\"lpb-col-12 lpb-page-item has-bg\" ><!-- .lpb-page-item -->\n\n<div class=\"lpb-item-column\" >\n\t<div class=\"lpb-item-content\"><div style=\"text-align: center\">Ako ste tip osobe koja voli privatnost i osje\u0107aj u\u0161u\u0161kanosti koja nudi soba u potkrovlju, onda je ova soba pravi izbor za Vas. Drveni i pa\u017eljivo sre\u0111eni enterijer je ono \u0161to Vam je potrebno za savr\u0161eni odmor u na\u0161oj dr\u017eavi i u na\u0161em Hotelu.<\/div>\n<\/div>\n<\/div>\n<\/div><!-- \/.lpb-page-item -->\n\n<\/div><!-- \/.lpb-row -->\n<\/div><!-- \/.lpb-container -->\n<\/div><!-- \/.lpb-page-row -->\n\n<div class=\"lpb-page-row\"><!-- .lpb-page-row -->\n<div class=\"lpb-container\"><!-- .lpb-container -->\n<div class=\"lpb-row\"><!-- .lpb-row -->\n\n<div class=\"lpb-col-3 lpb-page-item has-bg\" ><!-- .lpb-page-item -->\n\n<div class=\"lpb-item-service\">\n\n\t\t\t<i class=\"fa fa-rss\"><\/i>\n\t\n\t<h4>\n\t\t\n\t\tWi-Fi\n\t\t\t<\/h4>\n\n\t\n<\/div>\n<\/div><!-- \/.lpb-page-item -->\n<div class=\"lpb-col-3 lpb-page-item has-bg\" ><!-- .lpb-page-item -->\n\n<div class=\"lpb-item-service\">\n\n\t\t\t<i class=\"fa fa-desktop\"><\/i>\n\t\n\t<h4>\n\t\t\n\t\tTV\n\t\t\t<\/h4>\n\n\t\n<\/div>\n<\/div><!-- \/.lpb-page-item -->\n<div class=\"lpb-col-3 lpb-page-item has-bg\" ><!-- .lpb-page-item -->\n\n<div class=\"lpb-item-service\">\n\n\t\t\t<i class=\"fa fa-car\"><\/i>\n\t\n\t<h4>\n\t\t\n\t\tParking\n\t\t\t<\/h4>\n\n\t\n<\/div>\n<\/div><!-- \/.lpb-page-item -->\n<div class=\"lpb-col-3 lpb-page-item has-bg\" ><!-- .lpb-page-item -->\n\n<div class=\"lpb-item-service\">\n\n\t\t\t<i class=\"fa fa-phone\"><\/i>\n\t\n\t<h4>\n\t\t\n\t\tTelefon\n\t\t\t<\/h4>\n\n\t\n<\/div>\n<\/div><!-- \/.lpb-page-item -->\n\n<\/div><!-- \/.lpb-row -->\n<\/div><!-- \/.lpb-container -->\n<\/div><!-- \/.lpb-page-row -->\n\n<div class=\"lpb-page-row\"><!-- .lpb-page-row -->\n<div class=\"lpb-container\"><!-- .lpb-container -->\n<div class=\"lpb-row\"><!-- .lpb-row -->\n\n<div class=\"lpb-col-12 lpb-page-item has-bg\" ><!-- .lpb-page-item -->\n\n<div class=\"lpb-item-column\" >\n\t<div class=\"lpb-item-content\"><h4>\n<div style=\"text-align: center\">Soba posjeduje<\/div>\n<\/h4>\n<\/div>\n<\/div>\n<\/div><!-- \/.lpb-page-item -->\n\n<\/div><!-- \/.lpb-row -->\n<\/div><!-- \/.lpb-container -->\n<\/div><!-- \/.lpb-page-row -->\n\n<div class=\"lpb-page-row\"><!-- .lpb-page-row -->\n<div class=\"lpb-container\"><!-- .lpb-container -->\n<div class=\"lpb-row\"><!-- .lpb-row -->\n\n<div class=\"lpb-col-6 lpb-page-item has-bg\" ><!-- .lpb-page-item -->\n\n<div class=\"lpb-item-column\" >\n\t<div class=\"lpb-item-content\"><p>\u2713 Mali privatni balkon sa pogledom na atrijum i bazen.<\/p>\n<p>\u2713 Ova elegantna prostrana soba se nalazi u potkrovlju,<br \/>\nura\u0111ena je u toplim i prirodnim materijalima visokog kvaliteta.<\/p>\n<p>\u2713 1 francuski krevet <\/p>\n<p>\u2713 Sofa i fotelja<\/p>\n<p>\u2713 Posteljine su izra\u0111ene od najkvalitetnijeg materijala, dostupno je vi\u0161e tipova jastuka. <\/p>\n<\/div>\n<\/div>\n<\/div><!-- \/.lpb-page-item -->\n<div class=\"lpb-col-6 lpb-page-item has-bg\" ><!-- .lpb-page-item -->\n\n<div class=\"lpb-item-column\" >\n\t<div class=\"lpb-item-content\"><p>\u2713 Luksuzno opremljeno kupatilo sa kadom i tu\u0161 kabinom i svim prate\u0107im sadr\u017eajima: bade mantilima, papu\u010dama, pe\u0161kirima, fenom i luksuznom linijom kozmetike.<\/p>\n<p>\u2713 Radni stol, garderober\/orman <\/p>\n<p>\u2713 LCD TV, WI-FI internet, telefon, sef, mini bar <\/p>\n<p>\u2713 Kutak za sjedenje i u\u017eivanje.<\/p>\n<p>\u2713 Klima ure\u0111aj, besplatan parking<\/p>\n<\/div>\n<\/div>\n<\/div><!-- \/.lpb-page-item -->\n\n<\/div><!-- \/.lpb-row -->\n<\/div><!-- \/.lpb-container -->\n<\/div><!-- \/.lpb-page-row -->\n\n<div class=\"lpb-page-row\"><!-- .lpb-page-row -->\n<div class=\"lpb-container\"><!-- .lpb-container -->\n<div class=\"lpb-row\"><!-- .lpb-row -->\n\n<div class=\"lpb-col-12 lpb-page-item has-bg\" ><!-- .lpb-page-item -->\n\n<div class=\"lpb-item-column\" style=\"background-color:#c19c78;\">\n\t<div class=\"lpb-item-content\"><p><a href=\"https:\/\/blancbleuhotels.com\/\" rel=\"noopener\" target=\"_blank\"><\/p>\n<div style=\"text-align: center\">\n<h4>Rezervi\u0161i<\/h4>\n<\/div>\n<p><\/a><\/p>\n<\/div>\n<\/div>\n<\/div><!-- \/.lpb-page-item -->\n<\/div><!-- \/.lpb-row -->\n<\/div><!-- \/.lpb-container -->\n<\/div><!-- \/.lpb-page-row -->\n\n","protected":false},"excerpt":{"rendered":"<p>SUPERIOR SOBA (QUEEN SIZE) sa pogledom na more i bazen Ako ste tip osobe koja voli privatnost i osje\u0107aj u\u0161u\u0161kanosti koja nudi soba u potkrovlju, onda je ova soba pravi izbor za Vas. Drveni i pa\u017eljivo sre\u0111eni enterijer je ono \u0161to Vam je potrebno za savr\u0161eni odmor u na\u0161oj dr\u017eavi i u na\u0161em Hotelu. Wi-Fi [&hellip;]<\/p>\n","protected":false},"author":1,"featured_media":0,"parent":0,"menu_order":0,"comment_status":"closed","ping_status":"closed","template":"","meta":[],"aioseo_notices":[],"_links":{"self":[{"href":"https:\/\/hotelcapitano.me\/bs\/wp-json\/wp\/v2\/pages\/1064"}],"collection":[{"href":"https:\/\/hotelcapitano.me\/bs\/wp-json\/wp\/v2\/pages"}],"about":[{"href":"https:\/\/hotelcapitano.me\/bs\/wp-json\/wp\/v2\/types\/page"}],"author":[{"embeddable":true,"href":"https:\/\/hotelcapitano.me\/bs\/wp-json\/wp\/v2\/users\/1"}],"replies":[{"embeddable":true,"href":"https:\/\/hotelcapitano.me\/bs\/wp-json\/wp\/v2\/comments?post=1064"}],"version-history":[{"count":3,"href":"https:\/\/hotelcapitano.me\/bs\/wp-json\/wp\/v2\/pages\/1064\/revisions"}],"predecessor-version":[{"id":1071,"href":"https:\/\/hotelcapitano.me\/bs\/wp-json\/wp\/v2\/pages\/1064\/revisions\/1071"}],"wp:attachment":[{"href":"https:\/\/hotelcapitano.me\/bs\/wp-json\/wp\/v2\/media?parent=1064"}],"curies":[{"name":"wp","href":"https:\/\/api.w.org\/{rel}","templated":true}]}}